{"id":2,"date":"2025-11-02T19:02:27","date_gmt":"2025-11-02T19:02:27","guid":{"rendered":"http:\/\/fetedelamour.ovh\/?page_id=2"},"modified":"2025-12-03T23:02:48","modified_gmt":"2025-12-03T23:02:48","slug":"sample-page","status":"publish","type":"page","link":"https:\/\/fetedelamour.ovh\/","title":{"rendered":"Sample Page"},"content":{"rendered":"<div class=\"wp-block-image\">\n<figure class=\"aligncenter size-large\"><img loading=\"lazy\" decoding=\"async\" width=\"724\" height=\"1024\" src=\"http:\/\/fetedelamour.ovh\/wp-content\/uploads\/2025\/11\/FINALE1-724x1024.png\" alt=\"\" class=\"wp-image-22\" srcset=\"https:\/\/fetedelamour.ovh\/wp-content\/uploads\/2025\/11\/FINALE1-724x1024.png 724w, https:\/\/fetedelamour.ovh\/wp-content\/uploads\/2025\/11\/FINALE1-212x300.png 212w, https:\/\/fetedelamour.ovh\/wp-content\/uploads\/2025\/11\/FINALE1-768x1086.png 768w, https:\/\/fetedelamour.ovh\/wp-content\/uploads\/2025\/11\/FINALE1-1086x1536.png 1086w, https:\/\/fetedelamour.ovh\/wp-content\/uploads\/2025\/11\/FINALE1.png 1240w\" sizes=\"auto, (max-width: 724px) 100vw, 724px\" \/><\/figure>\n<\/div>\n\n\n<p class=\"has-text-align-center\">\u2600\ufe0f Hello again, petit rayon de soleil ! \u2600\ufe0f<\/p>\n\n\n\n<p class=\"has-text-align-center\">Tu te souviens peut-\u00eatre qu\u2019il y a quelque temps, on t\u2019a parl\u00e9 d\u2019une\u00a0\u00e9norme F\u00caTE DE L\u2019AMOUR. Eh bien, c\u2019est un mariage, pas un mirage !<\/p>\n\n\n\n<p class=\"has-text-align-center\">Rendez-vous le <strong>samedi 02 mai 2026 \u00e0 14h<\/strong><strong>, \u00e0 la&nbsp;<\/strong><strong><a href=\"https:\/\/maps.app.goo.gl\/sGivTqW5j7wNqdq9A\">Colonie du Plan de la Vache<\/a>&nbsp;\u2013 38580 Le Haut-Br\u00e9da<\/strong> \u2013 un lieu parfait pour c\u00e9l\u00e9brer, danser, et potentiellement perdre ses rep\u00e8res temporels. Atterrissage pr\u00e9vu le dimanche vers 15h.<\/p>\n\n\n\n<p class=\"has-text-align-center\">C\u00f4t\u00e9 tenues, on t\u2019a concoct\u00e9 un th\u00e8me joyeusement improbable :&nbsp;<strong>d\u00e9rang\u00e9.e \/ d\u00e9genr\u00e9.e \/ d\u00e9g\u00e9n\u00e9r\u00e9.e&nbsp;+&nbsp;dress code : tu viens&nbsp;tout en rouge ou tout en blanc.<\/strong><\/p>\n\n\n\n<p class=\"has-text-align-center\">\ud83d\udd25 L\u00e2che-toi, brille, \u00e9tonne-nous. Et si tu n\u2019as pas le temps, on aura pens\u00e9 \u00e0 tout, une costumerie et un stand de maquillage t\u2019attendront de pied ferme ! \ud83d\udd25&nbsp;<\/p>\n\n\n\n<p class=\"has-text-align-center\">Et comme on est en mode \u00ab mariage artisanal, fait maison, sans additifs ni conservateurs \u00bb, on organise absolument tout nous-m\u00eames :&nbsp;<strong>si tu veux filer un coup de main, on t\u2019accueille d\u00e8s le vendredi matin, voire le jeudi pour les h\u00e9ro.ines du montage de fanions et de guirlandes guinguette.<\/strong><\/p>\n\n\n\n<p class=\"has-text-align-center\">Les enfants, b\u00e9b\u00e9s et ados sont&nbsp;non seulement accept\u00e9s mais carr\u00e9ment attendus&nbsp;: on a pr\u00e9vu des espaces pour eux, des jeux et des animations.<\/p>\n\n\n\n<p class=\"has-text-align-center\">On a super h\u00e2te de te voir l\u00e0-bas et de partager ce joyeux chaos avec toi ! \ud83d\udc98\ud83c\udf89<\/p>\n\n\n\n<p class=\"has-text-align-center\">On t&#8217;embrasse fort.<br>\u2728 Isis &amp; Vincent&nbsp;\u2728<\/p>\n\n\n\n<hr class=\"wp-block-separator has-alpha-channel-opacity\"\/>\n\n\n\n<p class=\"has-text-align-center\">\ud83c\udf77&nbsp;Tu d\u00e9couvriras <a href=\"https:\/\/annuel.framapad.org\/p\/fete-de-l39amour---02-mai-2026-ai7t?lang=fr\">ici&nbsp;<\/a>le programme approximatif et sujet \u00e0 changements&nbsp;<\/p>\n\n\n\n<p class=\"has-text-align-center\">\ud83d\udc8c&nbsp;Tu dois t\u2019inscrire <a href=\"https:\/\/framaforms.org\/fete-de-lamour-samedi-02-mai-2026-1764609530\"><\/a><a href=\"https:\/\/framaforms.org\/fete-de-lamour-samedi-02-mai-2026-1764609530\"><strong>ici&nbsp;<\/strong><\/a>avant le <strong>21 d\u00e9cembre<\/strong> pour qu\u2019on compte les quantit\u00e9s de glouglou et de miamiam n\u00e9c\u00e9ssaires.&nbsp;<\/p>\n\n\n\n<p class=\"has-text-align-center\">\ud83c\udf81 Tu nous mets des soussous <a href=\"https:\/\/www.onparticipe.fr\/c\/FeteDeLAmour\">ici <\/a>dans la cagnotte pour contribuer. PAF recommand\u00e9e pour les adultes : 35\u20ac.&nbsp;<\/p>\n\n\n\n<hr class=\"wp-block-separator has-alpha-channel-opacity\"\/>\n\n\n\n<p class=\"has-text-align-center\">D\u00e9tails DODO :&nbsp;<\/p>\n\n\n\n<p class=\"has-text-align-center\">L\u2019h\u00e9bergement sera en dortoirs tr\u00e8s rustiques, entre 6 et 10 lits, avec un style\u2026campagnard ! Dans tous les cas, viens avec un duvet, un drap housse et un oreiller. Bon, on est d\u2019accord que tu viens pas pour dormir ! Mais si tu pr\u00e9f\u00e8res, viens avec ton mat\u00e9riel de camping ou ton van\/camping-car pour \u00eatre plus confortable.<\/p>\n\n\n\n<p class=\"has-text-align-center\">Sinon, tu trouveras une liste d&#8217;h\u00e9bergements confortables \u00e0 louer <a href=\"https:\/\/annuel.framapad.org\/p\/fete-de-l39amour---hebergements-ai7x?lang=fr\"><strong>ici<\/strong><\/a><\/p>\n\n\n\n<hr class=\"wp-block-separator has-alpha-channel-opacity\"\/>\n\n\n\n<p class=\"has-text-align-center\">D\u00e9tails TRANSPORT :&nbsp;<\/p>\n\n\n\n<p class=\"has-text-align-center\">Colonie du Plan de la Vache, Pinsot, 38580 Le Haut-Br\u00e9da.<\/p>\n\n\n\n<p class=\"has-text-align-center\">Coordonn\u00e9es GPS : 45.340433, 6.099816<\/p>\n\n\n\n<p class=\"has-text-align-center\">Acc\u00e8s SNCF : gare TGV de Grenoble, gare TER de Goncelin, puis bus 36 jusqu\u2019\u00e0 Allevard, puis bus 79 jusqu\u2019\u00e0 La Piat.&nbsp;<\/p>\n\n\n\n<p class=\"has-text-align-center\">On enverra un tableau de covoiturage dans quelques temps pour que tu t\u2019organises avec nos autres invit\u00e9s.<\/p>\n\n\n\n<hr class=\"wp-block-separator has-alpha-channel-opacity\"\/>\n\n\n\n<p><\/p>\n","protected":false},"excerpt":{"rendered":"<p>\u2600\ufe0f Hello again, petit rayon de soleil ! \u2600\ufe0f Tu te souviens peut-\u00eatre qu\u2019il y a quelque temps, on t\u2019a parl\u00e9 d\u2019une\u00a0\u00e9norme F\u00caTE DE L\u2019AMOUR. Eh bien, c\u2019est un mariage, pas un mirage ! Rendez-vous le samedi 02 mai 2026 \u00e0 14h, \u00e0 la&nbsp;Colonie du Plan de la Vache&nbsp;\u2013 38580 Le Haut-Br\u00e9da \u2013 un lieu&#8230;<\/p>\n","protected":false},"author":1,"featured_media":0,"parent":0,"menu_order":0,"comment_status":"closed","ping_status":"open","template":"","meta":{"footnotes":""},"class_list":["post-2","page","type-page","status-publish","hentry"],"_links":{"self":[{"href":"https:\/\/fetedelamour.ovh\/index.php\/wp-json\/wp\/v2\/pages\/2","targetHints":{"allow":["GET"]}}],"collection":[{"href":"https:\/\/fetedelamour.ovh\/index.php\/wp-json\/wp\/v2\/pages"}],"about":[{"href":"https:\/\/fetedelamour.ovh\/index.php\/wp-json\/wp\/v2\/types\/page"}],"author":[{"embeddable":true,"href":"https:\/\/fetedelamour.ovh\/index.php\/wp-json\/wp\/v2\/users\/1"}],"replies":[{"embeddable":true,"href":"https:\/\/fetedelamour.ovh\/index.php\/wp-json\/wp\/v2\/comments?post=2"}],"version-history":[{"count":11,"href":"https:\/\/fetedelamour.ovh\/index.php\/wp-json\/wp\/v2\/pages\/2\/revisions"}],"predecessor-version":[{"id":51,"href":"https:\/\/fetedelamour.ovh\/index.php\/wp-json\/wp\/v2\/pages\/2\/revisions\/51"}],"wp:attachment":[{"href":"https:\/\/fetedelamour.ovh\/index.php\/wp-json\/wp\/v2\/media?parent=2"}],"curies":[{"name":"wp","href":"https:\/\/api.w.org\/{rel}","templated":true}]}}